{"id":12,"date":"2019-01-10T10:07:17","date_gmt":"2019-01-10T10:07:17","guid":{"rendered":"https:\/\/expotryck.se\/produkter\/?page_id=12"},"modified":"2023-10-03T19:51:49","modified_gmt":"2023-10-03T19:51:49","slug":"grafiska-riktlinjer","status":"publish","type":"page","link":"https:\/\/expotryck.se\/produkter\/grafiska-riktlinjer\/","title":{"rendered":"Grafiska Riktlinjer"},"content":{"rendered":"<h1 style=\"text-align: center;\">Grafiska Riktlinjer<\/h1>\n<p><strong>Bilder &amp; Motiv<br \/><\/strong>Bilder &amp; motiv uppladdade inf\u00f6r printning b\u00f6r vara minst 72 dpi, det kan eventuellt bli n\u00e5got suddigt\/pixelaktigt, <br \/>vi rekommenderar 300 dpi f\u00f6r att ni ska k\u00e4nna er n\u00f6jda. Vi ansvarar ej f\u00f6r original &amp; motiv.<br \/>Detta g\u00e4ller ej vektoriserade filer, dock endast ifall en bild ligger som ex. bakgrund.<\/p>\n<p><strong>Uppladdning av fil<br \/><\/strong>Er uppladdade fil b\u00f6r vara av formatet EPS alternativt PDF, samtliga texter &amp; figurer ska vara konverterade till kurvor(vector).<\/p>\n<p>Du laddar upp originalet efter slutf\u00f6rt k\u00f6p, till v\u00e5r portal. Du f\u00e5r tillg\u00e5ng till portalen efter k\u00f6p via orderbekr\u00e4ftelsen.<\/p>\n<p><strong>Mallar f\u00f6r original<br \/><\/strong>Produkter som kr\u00e4ver original efter mall, har nerladdningsbara mallar(PDF) p\u00e5 sin produktsida.<\/p>\n<p style=\"padding-left: 40px;\">\u2013 <strong>Bleed<\/strong>: Original skall g\u00e5 ut till \u201cbleed\u201d-linje, dock ej betydligt material d\u00e5 detta kommer att f\u00f6rsvinna vid print. <br \/>Om det inte g\u00f6rs, s\u00e5 kan det bli vitt eller annan f\u00e4rg p\u00e5 yta ej upptagen av original.<\/p>\n<p style=\"padding-left: 40px;\">\u2013 <strong>Safe Area<\/strong>:\u00a0Inom dess ram \u00e4r originalet s\u00e4ker och \u00e4r den mest synliga ytan.<\/p>\n<p style=\"padding-left: 40px;\">\u2013 <strong>Dold yta<\/strong>:\u00a0Ytan \u00e4r dold inne i\/runt om produkt och kommer ej synas.<\/p>\n<p style=\"padding-left: 40px;\">\u2013 <strong>Cut\/Trim<\/strong>:\u00a0Ytan d\u00e4r originalet besk\u00e4rs, m\u00e5ttet kan differera.<\/p>\n<p><strong>Mer \u00e4n 1 original per produkt<br \/><\/strong>Ladda upp samtliga original i v\u00e5r portal, som du f\u00e5r tillg\u00e5ng till efter k\u00f6pet har genomf\u00f6rts.<\/p>\n<p>Det g\u00e5r ocks\u00e5 bra att ladda upp fler mallar i en och samma fil, observera att mallarna m\u00e5ste st\u00e4mma \u00f6verens med de best\u00e4llda m\u00e5tten.<\/p>\n<p>Vid fr\u00e5gor:\u00a0<a href=\"mailto:kundservice@expotryck.se\">kundservice@expotryck.se<\/a><\/p>\n","protected":false},"excerpt":{"rendered":"<p>Grafiska Riktlinjer Bilder &amp; MotivBilder &amp; motiv uppladdade inf\u00f6r printning b\u00f6r vara minst 72 dpi, det kan eventuellt bli n\u00e5got suddigt\/pixelaktigt, vi rekommenderar 300 dpi f\u00f6r att ni ska k\u00e4nna er n\u00f6jda. Vi ansvarar ej f\u00f6r original &amp; motiv.Detta g\u00e4ller ej vektoriserade filer, dock endast ifall en bild ligger som ex. bakgrund. Uppladdning av filEr&#8230;<\/p>\n","protected":false},"author":1,"featured_media":0,"parent":0,"menu_order":9,"comment_status":"closed","ping_status":"closed","template":"","meta":{"footnotes":""},"_links":{"self":[{"href":"https:\/\/expotryck.se\/produkter\/wp-json\/wp\/v2\/pages\/12"}],"collection":[{"href":"https:\/\/expotryck.se\/produkter\/wp-json\/wp\/v2\/pages"}],"about":[{"href":"https:\/\/expotryck.se\/produkter\/wp-json\/wp\/v2\/types\/page"}],"author":[{"embeddable":true,"href":"https:\/\/expotryck.se\/produkter\/wp-json\/wp\/v2\/users\/1"}],"replies":[{"embeddable":true,"href":"https:\/\/expotryck.se\/produkter\/wp-json\/wp\/v2\/comments?post=12"}],"version-history":[{"count":0,"href":"https:\/\/expotryck.se\/produkter\/wp-json\/wp\/v2\/pages\/12\/revisions"}],"wp:attachment":[{"href":"https:\/\/expotryck.se\/produkter\/wp-json\/wp\/v2\/media?parent=12"}],"curies":[{"name":"wp","href":"https:\/\/api.w.org\/{rel}","templated":true}]}}