{"id":14,"date":"2019-01-07T16:06:39","date_gmt":"2019-01-07T16:06:39","guid":{"rendered":"https:\/\/expotryck.se\/produkter\/?page_id=14"},"modified":"2023-10-03T19:51:50","modified_gmt":"2023-10-03T19:51:50","slug":"nojd-kundgaranti","status":"publish","type":"page","link":"https:\/\/expotryck.se\/produkter\/nojd-kundgaranti\/","title":{"rendered":"N\u00f6jd Kundgaranti"},"content":{"rendered":"<h1 style=\"text-align: center;\">N\u00d6JD KUNDGARANTI<\/h1>\n<p>\u00a0<\/p>\n<p>N\u00e4r ni v\u00e4ljer oss som leverant\u00f6r, vill vi att ni k\u00e4nner er 100% n\u00f6jda. Vi arbetar st\u00e4ndigt med att f\u00f6rb\u00e4ttra och utveckla oss som leverant\u00f6rer, samt v\u00e5ra priser och v\u00e5rt sortiment. Viktiga delar i det arbetet \u00e4r att erbjuda dig som kund:<\/p>\n<p><strong>Kostnadsfri Datacheck<\/strong><br \/>Vi ser alltid \u00f6ver de filer\/foto du skickar \u00f6ver, kontrollerar att de \u00e4r av r\u00e4tt kvalit\u00e9 f\u00f6r att starta produktionen. Vi p\u00e5b\u00f6rjar aldrig en produktion utan att vi har kontrollerat filerna och om n\u00e5got uppm\u00e4rksammas s\u00e5 kontaktar vi dig via telefon eller mail snarast.<br \/>Ni ansvarar dock sj\u00e4lva f\u00f6r ex. stavning i filerna.<\/p>\n<p><strong>Personlig Handl\u00e4ggare<\/strong><br \/>N\u00e4r du kontaktar oss p\u00e5 kundtj\u00e4nst, f\u00e5r du automatiskt en personlig handl\u00e4ggare. Den handl\u00e4ggare som \u00e4r vald kommer att ta hand om alla era projekt, nu och i framtiden. Vid telefon kontakt kan det f\u00f6rekomma att en annan kontaktperson ringer\/svarar men \u00e4r v\u00e4l uppdaterad inom era projekt.[kundtj\u00e4nst e-posthandl\u00e4ggare har ingen telefon]\n<p><strong>Prisgaranti<\/strong><br \/>Vi \u00e4r sj\u00e4lvs\u00e4kra i v\u00e5ra produkter &amp; priser att om ni hittar samma produkt till l\u00e4gre pris, erbjuder vi samma pris med ytterligare 5% rabatt(g\u00e4ller produkter \u00f6ver 500:- exkl. moms)<br \/>Prisgarantin g\u00e4ller f\u00f6r de varor som st\u00e4mmer exakt \u00f6verens med varandra, hos annan leverant\u00f6r. Vissa produkter kan ha liknande utseende men kan skilja sig i utf\u00f6rande, kvalit\u00e9, material, tryck &amp; olika slags tillbeh\u00f6r &amp; till\u00e4gg. Dessa varar kan d\u00e5 inte j\u00e4mf\u00f6ras. G\u00e4ller ej fraktkostnader.<\/p>\n<p>Kontakta kundtj\u00e4nst ifall ni har n\u00e5gra fr\u00e5gor kring v\u00e5r prisgaranti.<br \/>Nyttjandet av garantin skall g\u00f6ras innan best\u00e4llning.<\/p>\n<p><strong>Inga Startkostnader !<\/strong><br \/>Vi erbjuder v\u00e5ra produkter utan startkostnader [0:-]!<br \/>Det \u00e4r vanligt inom tryckeri att en schablonkostnad\/till\u00e4gg\/startkostnad tas ut av kund, det kallas \u00e4ven st\u00e4llkostnad. Detta inneb\u00e4r att det \u00e4r kostnaden f\u00f6r arbetstid, som en maskinoperat\u00f6r l\u00e4gger ner f\u00f6r att f\u00f6rprogrammera maskinerna innan tryck. Vi tar ej betalt f\u00f6r detta.<\/p>\n<p><em>G\u00e4ller ej Profil tryck (ex. nyckelringar, flaskor, verktyg, v\u00e4skor, give-aways, osv.)<\/em><\/p>\n<p><a href=\"mailto:kundservice@expotryck.se\">Fr\u00e5ga oss<\/a> om du har n\u00e5gra fr\u00e5gor!<\/p>\n","protected":false},"excerpt":{"rendered":"<p>N\u00d6JD KUNDGARANTI \u00a0 N\u00e4r ni v\u00e4ljer oss som leverant\u00f6r, vill vi att ni k\u00e4nner er 100% n\u00f6jda. Vi arbetar st\u00e4ndigt med att f\u00f6rb\u00e4ttra och utveckla oss som leverant\u00f6rer, samt v\u00e5ra priser och v\u00e5rt sortiment. Viktiga delar i det arbetet \u00e4r att erbjuda dig som kund: Kostnadsfri DatacheckVi ser alltid \u00f6ver de filer\/foto du skickar \u00f6ver,&#8230;<\/p>\n","protected":false},"author":1,"featured_media":0,"parent":0,"menu_order":21,"comment_status":"closed","ping_status":"closed","template":"","meta":{"footnotes":""},"_links":{"self":[{"href":"https:\/\/expotryck.se\/produkter\/wp-json\/wp\/v2\/pages\/14"}],"collection":[{"href":"https:\/\/expotryck.se\/produkter\/wp-json\/wp\/v2\/pages"}],"about":[{"href":"https:\/\/expotryck.se\/produkter\/wp-json\/wp\/v2\/types\/page"}],"author":[{"embeddable":true,"href":"https:\/\/expotryck.se\/produkter\/wp-json\/wp\/v2\/users\/1"}],"replies":[{"embeddable":true,"href":"https:\/\/expotryck.se\/produkter\/wp-json\/wp\/v2\/comments?post=14"}],"version-history":[{"count":0,"href":"https:\/\/expotryck.se\/produkter\/wp-json\/wp\/v2\/pages\/14\/revisions"}],"wp:attachment":[{"href":"https:\/\/expotryck.se\/produkter\/wp-json\/wp\/v2\/media?parent=14"}],"curies":[{"name":"wp","href":"https:\/\/api.w.org\/{rel}","templated":true}]}}