{"id":191,"date":"2019-01-09T12:28:03","date_gmt":"2019-01-09T12:28:03","guid":{"rendered":"https:\/\/expotryck.se\/produkter\/?page_id=191"},"modified":"2023-10-03T19:51:52","modified_gmt":"2023-10-03T19:51:52","slug":"leveransvillkor","status":"publish","type":"page","link":"https:\/\/expotryck.se\/produkter\/leveransvillkor\/","title":{"rendered":"Leveransvillkor"},"content":{"rendered":"<h1 style=\"text-align: center;\">Leveransvillkor<\/h1>\n<p style=\"text-align: center;\"><em>F\u00f6ljder av <a href=\"https:\/\/expotryck.se\/produkter\/villkor-information\/\">K\u00f6pvillkor<\/a><\/em><\/p>\n<p>\u00a0<\/p>\n<p>Prisintervall mellan 49 \u2013 2999 SEK exkl. moms (baserad p\u00e5 transportvikt) f\u00f6r leveranser inom Sverige. Leveranstiden \u00e4r unikt per produkt och finns tillg\u00e4nglig p\u00e5 produktens sida. Leveransen sker f\u00f6rst och fr\u00e4mst till leveransadressen via bud, annars till n\u00e4rmsta utl\u00e4mningsst\u00e4lle\/utk\u00f6rning (g\u00e4ller \u00e4ven standardprodukter) efter produkterna \u00e4r producerade.<br \/>Fri frakt ber\u00e4knas n\u00e4r summan i varukorgen har uppn\u00e5tt till 6000: \u2013 exkl. moms (dvs. 7500 Skr inkl. moms)<\/p>\n<p>Villkor f\u00f6r leverans anges \u00e4ven i kassan under respektive leveranss\u00e4tt. Om inget anges g\u00e4ller 12 arbetsdagars leveranstid [g\u00e4ller vid under 5st produkter]. Om en artikel har avvikande leveranstid st\u00e5r det angivet vid respektive artikel. Om leveransf\u00f6rsening uppst\u00e5r meddelar vi dig detta genom e-post, vi kommer att g\u00f6ra allt vi kan f\u00f6r att fullf\u00f6lja din best\u00e4llning. Det kan finnas tillf\u00e4llen som g\u00f6r det om\u00f6jligt att fullf\u00f6lja best\u00e4llningen, exempelvis d\u00e5 v\u00e5r leverant\u00f6r eller spedit\u00f6r inte kan fullf\u00f6lja deras \u00e5tagande till oss. Vi f\u00f6rbeh\u00e5ller oss r\u00e4tten att friskriva oss fr\u00e5n all ers\u00e4ttning till kund g\u00e4llande leveransf\u00f6rseningar.<\/p>\n<p>Leveranstiden r\u00e4knas fr\u00e5n godk\u00e4nt korrektur \/ tryckoriginal.<br \/>Best\u00e4lls flera produkter samtidigt, som har olika leveranstider, kommer samtliga produkter levereras enligt utsatt tid f\u00f6r produkt som har l\u00e4ngst leveranstid.<\/p>\n<p>Vid transportskador p\u00e5 paket\/produkten s\u00e5 kr\u00e4vs en reklamation till f\u00f6raren vid tillf\u00e4llet innan signering av mottagandet.<\/p>\n<p><em>Observera att<\/em>\u00a0<em>(som enligt text ovan) vi ej ansvarar f\u00f6r leveransen.<\/em><em><br \/><\/em><em>Skulle leveransen vara f\u00f6rsenad och ni inte har blivit kontaktade av vare sig oss eller spedit\u00f6ren, kan ni sj\u00e4lva ta kontakt med v\u00e5r kundtj\u00e4nst, ni f\u00e5r d\u00e5 ert s\u00f6knummer p\u00e5 paketet och sedan kan ni sj\u00e4lva ta kontakt med transport\u00f6ren.<\/em><\/p>\n<h4><a name=\"_Toc117288161\"><\/a>Ingen garanti f\u00f6r leverans p\u00e5 specifik dag<\/h4>\n<p>Det \u00e4r ingen garanti f\u00f6r leverans p\u00e5 specifik eller uppskattad dag. Alla datum som f\u00f6rekommer \u00e4r uppskattade d\u00e5 utomst\u00e5ende faktorer kan resultera i att leveransdagen inte kan h\u00e5llas. Dessa faktorer kan blanda annat vara: ovanligt m\u00e5nga leveranser, trafikf\u00f6rh\u00e5llanden, sjukdomsfall, defekta fordon etc.<\/p>\n<h4><a name=\"_Toc117288162\"><\/a>Tid f\u00f6r leverans<\/h4>\n<p>Tid f\u00f6r leverans sker normalt sett vardagar mellan 08\u201316. Avvikelser p\u00e5 vissa mindre orter kan f\u00f6rekomma. Leverans kan ske efter 16, men sker normalt innan 16. Specifik tid f\u00f6r leverans \u00e4r inte garanterad utan endast ett \u00f6nskem\u00e5l som spedit\u00f6ren str\u00e4var efter att h\u00e5lla.<\/p>\n<h4><a name=\"_Toc117288163\"><\/a>Tid och rutin f\u00f6r hemleverans<\/h4>\n<p>Vid hemleverans till privatperson eller tillval f\u00f6r avisering sker en telefon\/sms avisering till mottagaren n\u00e4r godset n\u00e5r sista terminal som ska k\u00f6ra ut godset. Avisering kan medf\u00f6ra att leveranstiden blir l\u00e4ngre beroende p\u00e5 hur mycket gods det finns f\u00f6r avisering eller n\u00e4r mottagaren besvarar aviseringen.<\/p>\n<h4><a name=\"_Toc117288164\"><\/a>Skyltat vid leverans<\/h4>\n<p>Det \u00e4r viktigt att det \u00e4r skyltat vid leveransadressen. Detta g\u00f6r det enklare f\u00f6r chauff\u00f6ren att hitta mottagaren. Icke skyltad adress kan medf\u00f6ra till\u00e4ggsavgifter d\u00e4r avisering eller leveransbesked kr\u00e4vs f\u00f6r att \u201chitta\u201d eller n\u00e5 mottagaren.<\/p>\n<h4><a name=\"_Toc117288165\"><\/a>Hur sker leverans till privat hemadress?<\/h4>\n<p>I f\u00f6rsta hand g\u00f6rs f\u00f6rs\u00f6k att leverera paketet till privatpersonens hemadress. Paketet kan \u00e4ven levereras till utl\u00e4mningsst\u00e4lle om det \u00e4r l\u00e4mpligast f\u00f6r mottagaren, som d\u00e5 informeras om detta. I regel levereras st\u00f6rre och tyngre leveranser till hemadressen d\u00e5 utl\u00e4mningsst\u00e4llen inte kan hantera den typen av gods.<\/p>\n<h4><a name=\"_Toc117288166\"><\/a>Hur sker leverans till f\u00f6retag?<\/h4>\n<p>Leveransen levereras till mottagaren under kontorstid. Tre leveransf\u00f6rs\u00f6k ing\u00e5r (eventuellt inte samma dag). D\u00e4refter kontaktas mottagaren kostnadsfritt f\u00f6r att planera en leverans. Misslyckas \u00e4ven detta s\u00e5 returneras transporten till avs\u00e4ndaren och en returkostnad debiteras.<\/p>\n<p>L\u00e4s fullst\u00e4ndiga villkor f\u00f6r transportskador h\u00e4r;\u00a0<a href=\"https:\/\/expotryck.se\/produkter\/transportskador\/\">Transportskador<\/a><\/p>\n","protected":false},"excerpt":{"rendered":"<p>Leveransvillkor F\u00f6ljder av K\u00f6pvillkor \u00a0 Prisintervall mellan 49 \u2013 2999 SEK exkl. moms (baserad p\u00e5 transportvikt) f\u00f6r leveranser inom Sverige. Leveranstiden \u00e4r unikt per produkt och finns tillg\u00e4nglig p\u00e5 produktens sida. Leveransen sker f\u00f6rst och fr\u00e4mst till leveransadressen via bud, annars till n\u00e4rmsta utl\u00e4mningsst\u00e4lle\/utk\u00f6rning (g\u00e4ller \u00e4ven standardprodukter) efter produkterna \u00e4r producerade.Fri frakt ber\u00e4knas n\u00e4r summan&#8230;<\/p>\n","protected":false},"author":1,"featured_media":0,"parent":0,"menu_order":6,"comment_status":"closed","ping_status":"closed","template":"","meta":{"footnotes":""},"_links":{"self":[{"href":"https:\/\/expotryck.se\/produkter\/wp-json\/wp\/v2\/pages\/191"}],"collection":[{"href":"https:\/\/expotryck.se\/produkter\/wp-json\/wp\/v2\/pages"}],"about":[{"href":"https:\/\/expotryck.se\/produkter\/wp-json\/wp\/v2\/types\/page"}],"author":[{"embeddable":true,"href":"https:\/\/expotryck.se\/produkter\/wp-json\/wp\/v2\/users\/1"}],"replies":[{"embeddable":true,"href":"https:\/\/expotryck.se\/produkter\/wp-json\/wp\/v2\/comments?post=191"}],"version-history":[{"count":0,"href":"https:\/\/expotryck.se\/produkter\/wp-json\/wp\/v2\/pages\/191\/revisions"}],"wp:attachment":[{"href":"https:\/\/expotryck.se\/produkter\/wp-json\/wp\/v2\/media?parent=191"}],"curies":[{"name":"wp","href":"https:\/\/api.w.org\/{rel}","templated":true}]}}