{"id":21962,"date":"2024-09-05T07:44:11","date_gmt":"2024-09-05T07:44:11","guid":{"rendered":"https:\/\/expotryck.se\/produkter\/?page_id=21962"},"modified":"2024-09-05T10:08:23","modified_gmt":"2024-09-05T10:08:23","slug":"etiketter-med-eget-tryck-for-olika-omraden","status":"publish","type":"page","link":"https:\/\/expotryck.se\/produkter\/etiketter-med-eget-tryck-for-olika-omraden\/","title":{"rendered":"Etiketter"},"content":{"rendered":"\n\n  <div class=\"banner has-hover show-for-small\" id=\"banner-1635357074\">\n          <div class=\"banner-inner fill\">\n        <div class=\"banner-bg fill\" >\n            <div class=\"bg fill bg-fill \"><\/div>\n                                    \n                    <\/div>\n\t\t\n        <div class=\"banner-layers container\">\n            <div class=\"fill banner-link\"><\/div>            \n\n\n        <\/div>\n      <\/div>\n\n              <div class=\"height-fix is-invisible\"><\/div>\n            \n<style>\n#banner-1635357074 {\n  background-color: rgb(247, 245, 244);\n}\n<\/style>\n  <\/div>\n\n\n\t<section class=\"section dark\" id=\"section_1549059274\">\n\t\t<div class=\"bg section-bg fill bg-fill  \" >\n\n\t\t\t\n\t\t\t<div class=\"section-bg-overlay absolute fill\"><\/div><button class=\"scroll-for-more z-5 icon absolute bottom h-center\" aria-label=\"Scroll for more\"><i class=\"icon-angle-down\" style=\"font-size:42px;\" ><\/i><\/button>\n\t\t\t\n\n\t\t<\/div>\n\n\t\t\n\n\t\t<div class=\"section-content relative\">\n\t\t\t\n\n<div class=\"row align-middle\"  id=\"row-1462674979\">\n\n\n\t<div id=\"col-307125004\" class=\"col medium-8 small-12 large-5\"  >\n\t\t\t\t<div class=\"col-inner\"  >\n\t\t\t\n\t\t\t\n\n<h6 class=\"uppercase\">F\u00f6r alla \u00e4ndam\u00e5l<\/h6>\n<h1 class=\"elementor-heading-title elementor-size-default\"><span style=\"font-size: 170%;\">Etiketter<\/span><\/h1>\n<p>Etiketter f\u00f6r burkar, flaskor, matvaror, give-aways, och mycket mer!<\/p>\n<h1 style=\"font-size: 200%;\">Fr. 0.2 kr \/st !<\/h1>\n\t<div id=\"gap-195544990\" class=\"gap-element clearfix\" style=\"display:block; height:auto;\">\n\t\t\n<style>\n#gap-195544990 {\n  padding-top: 5px;\n}\n<\/style>\n\t<\/div>\n\t\n\n<div class=\"row row-collapse\"  id=\"row-1533975786\">\n\n\n\t<div id=\"col-840123927\" class=\"col medium-6 small-12 large-6\"  >\n\t\t\t\t<div class=\"col-inner\"  >\n\t\t\t\n\t\t\t\n\n<a href=\"#buy-now\" class=\"button secondary is-large lowercase expand\"  style=\"border-radius:4px;\">\n  <i class=\"icon-shopping-cart\" aria-hidden=\"true\" ><\/i>  <span>Offert<\/span>\n  <\/a>\n\n\n\n\t\t<\/div>\n\t\t\t\t\t<\/div>\n\n\t\n\n\n<style>\n#row-1533975786 > .col > .col-inner {\n  padding: 0px 5px 0px 5px;\n}\n<\/style>\n<\/div>\n\n\t\t<\/div>\n\t\t\t\t\t<\/div>\n\n\t\n\n<\/div>\n\n\t\t<\/div>\n\n\t\t\n<style>\n#section_1549059274 {\n  padding-top: 60px;\n  padding-bottom: 60px;\n  min-height: 600px;\n  background-color: rgb(247, 245, 244);\n}\n#section_1549059274 .section-bg-overlay {\n  background-color: rgb(45, 78, 103);\n}\n#section_1549059274 .section-bg.bg-loaded {\n  background-image: url(https:\/\/expotryck.se\/produkter\/wp-content\/uploads\/2024\/09\/product-calculator-slider.jpg);\n}\n#section_1549059274 .section-bg {\n  background-position: 66% 65%;\n}\n@media (min-width:550px) {\n  #section_1549059274 .section-bg-overlay {\n    background-color: rgba(0, 0, 0, 0.5);\n  }\n}\n@media (min-width:850px) {\n  #section_1549059274 .section-bg-overlay {\n    background-color: rgba(0, 0, 0, 0.5);\n  }\n}\n<\/style>\n\t<\/section>\n\t\n\t<section class=\"section\" id=\"section_578056965\">\n\t\t<div class=\"bg section-bg fill bg-fill  bg-loaded\" >\n\n\t\t\t\n\t\t\t\n\t\t\t\n\n\t\t<\/div>\n\n\t\t\n\n\t\t<div class=\"section-content relative\">\n\t\t\t\n\n<div class=\"row row-large\"  id=\"row-1312031308\">\n\n\n\t<div id=\"col-1882595284\" class=\"col small-12 large-12\"  >\n\t\t\t\t<div class=\"col-inner\"  >\n\t\t\t\n\t\t\t\n\n\n\t\t<div class=\"icon-box featured-box icon-box-top text-left\"  >\n\t\t\t\t<div class=\"icon-box-text last-reset\">\n\t\t\t\t\t\t\t\t\t\n\n<p>\u00c4r du i behov av etiketter f\u00f6r flaskor och burkar men vet inte var du ska b\u00f6rja? D\u00e5 har du kommit till r\u00e4tt st\u00e4lle!<\/p>\n<p><a href=\"https:\/\/expotryck.se\/etiketter\/\" target=\"_blank\" rel=\"noopener\">Etiketter<\/a> spelar en viktig roll i varum\u00e4rkesidentitet och produktinformation. De kan anv\u00e4ndas f\u00f6r att f\u00f6rmedla viktig information som produktnamn, ingredienser, n\u00e4ringsfakta och instruktioner. Dessutom kan etiketter ocks\u00e5 anv\u00e4ndas f\u00f6r att locka och engagera kunder genom att ha en attraktiv design och f\u00e4rgkombination.<\/p>\n<p>Vi kommer att utforska olika typer av etiketter som passar olika behov och material som kan vara l\u00e4mpliga f\u00f6r olika f\u00f6rpackningar. Vi kommer ocks\u00e5 att g\u00e5 igenom viktiga \u00f6verv\u00e4ganden att ha i \u00e5tanke n\u00e4r det g\u00e4ller etikettutformning och tryckning.<\/p>\n<p>Oavsett om du driver ett litet f\u00f6retag eller beh\u00f6ver etiketter f\u00f6r personligt bruk, kommer vi att ge dig den n\u00f6dv\u00e4ndiga kunskapen f\u00f6r att g\u00f6ra informerade beslut n\u00e4r det g\u00e4ller dina etiketter f\u00f6r flaskor och burkar.<\/p>\n<p>L\u00e5t oss komma ig\u00e5ng!<\/p>\n\n\n\t\t<\/div>\n\t<\/div>\n\t\n\t\n\n\t\t<\/div>\n\t\t\t\t\t<\/div>\n\n\t\n\n<\/div>\n\n\t\t<\/div>\n\n\t\t\n<style>\n#section_578056965 {\n  padding-top: 60px;\n  padding-bottom: 60px;\n  background-color: rgb(247, 245, 244);\n}\n<\/style>\n\t<\/section>\n\t\n\t<section class=\"section\" id=\"section_623819782\">\n\t\t<div class=\"bg section-bg fill bg-fill  bg-loaded\" >\n\n\t\t\t\n\t\t\t\n\t\t\t\n\n\t\t<\/div>\n\n\t\t\n\n\t\t<div class=\"section-content relative\">\n\t\t\t\n\n<div class=\"row row-large\"  id=\"row-559292288\">\n\n\n\t<div id=\"col-1709876266\" class=\"col medium-5 small-12 large-6\"  >\n\t\t\t\t<div class=\"col-inner\"  >\n\t\t\t\n\t\t\t\n\n<h6 class=\"uppercase secondary-color\">M\u00f6jligheter<\/h6>\n<h1>Etiketter finns i olika l\u00f6sningar<\/h1>\n<p>Om du ska anv\u00e4nda dem inom matindustrin s\u00e5 kr\u00e4vs det att etiketterna uppfyller vissa krav, medan om du ska anv\u00e4nda dem p\u00e5 en f\u00e4rgburk s\u00e5 kr\u00e4vs kanske ett starkare lim. Vi har alla olika l\u00f6sningar!<\/p>\n<div class=\"accordion\">\n\n\t<div id=\"accordion-4057188545\" class=\"accordion-item\">\n\t\t<a id=\"accordion-4057188545-label\" class=\"accordion-title plain\" href=\"#accordion-item-material\" aria-expanded=\"false\" aria-controls=\"accordion-4057188545-content\" >\n\t\t\t<button class=\"toggle\" aria-label=\"Toggle\"><i class=\"icon-angle-down\"><\/i><\/button>\n\t\t\t<span>Material<\/span>\n\t\t<\/a>\n\t\t<div id=\"accordion-4057188545-content\" class=\"accordion-inner\" aria-labelledby=\"accordion-4057188545-label\" >\n\t\t\t\n\n<ul class=\"elementor-icon-list-items\">\n<li class=\"elementor-icon-list-item\"><span class=\"elementor-icon-list-text\">Halv-glansigt Papper<\/span><\/li>\n<li class=\"elementor-icon-list-item\"><a href=\"https:\/\/www.kemi.se\/hallbarhet\/amnen-och-material\/plast\/vanliga-plastsorter\" target=\"_blank\" rel=\"noopener\"><span class=\"elementor-icon-list-text\">Polypropylen (PP Folie)<\/span><\/a><\/li>\n<li class=\"elementor-icon-list-item\"><span class=\"elementor-icon-list-text\">PET Folie<\/span><\/li>\n<li class=\"elementor-icon-list-item\"><span class=\"elementor-icon-list-text\">Silver Papp \/ PP Folie<\/span><\/li>\n<li class=\"elementor-icon-list-item\"><span class=\"elementor-icon-list-text\">Guld Papp \/ PP Folie<\/span><\/li>\n<\/ul>\n\n\t\t<\/div>\n\t<\/div>\n\t\n\t<div id=\"accordion-930741808\" class=\"accordion-item\">\n\t\t<a id=\"accordion-930741808-label\" class=\"accordion-title plain\" href=\"#accordion-item-lim\" aria-expanded=\"false\" aria-controls=\"accordion-930741808-content\" >\n\t\t\t<button class=\"toggle\" aria-label=\"Toggle\"><i class=\"icon-angle-down\"><\/i><\/button>\n\t\t\t<span>Lim<\/span>\n\t\t<\/a>\n\t\t<div id=\"accordion-930741808-content\" class=\"accordion-inner\" aria-labelledby=\"accordion-930741808-label\" >\n\t\t\t\n\n<ul class=\"elementor-icon-list-items\">\n<li class=\"elementor-icon-list-item\"><span class=\"elementor-icon-list-text\">Standard Lim<\/span><\/li>\n<li class=\"elementor-icon-list-item\"><span class=\"elementor-icon-list-text\">Standard Special Lim<\/span><\/li>\n<li class=\"elementor-icon-list-item\"><span class=\"elementor-icon-list-text\">Starkt Lim<\/span><\/li>\n<li class=\"elementor-icon-list-item\"><span class=\"elementor-icon-list-text\">L\u00e4tt-Borttaget Lim<\/span><\/li>\n<li class=\"elementor-icon-list-item\"><span class=\"elementor-icon-list-text\">Tranculent Lim<\/span><\/li>\n<\/ul>\n\n\t\t<\/div>\n\t<\/div>\n\t\n\t<div id=\"accordion-1582276886\" class=\"accordion-item\">\n\t\t<a id=\"accordion-1582276886-label\" class=\"accordion-title plain\" href=\"#accordion-item-egenskaper\" aria-expanded=\"false\" aria-controls=\"accordion-1582276886-content\" >\n\t\t\t<button class=\"toggle\" aria-label=\"Toggle\"><i class=\"icon-angle-down\"><\/i><\/button>\n\t\t\t<span>Egenskaper<\/span>\n\t\t<\/a>\n\t\t<div id=\"accordion-1582276886-content\" class=\"accordion-inner\" aria-labelledby=\"accordion-1582276886-label\" >\n\t\t\t\n\n<ul class=\"elementor-icon-list-items\">\n<li class=\"elementor-icon-list-item\"><span class=\"elementor-icon-list-text\">Variabel Information<\/span><\/li>\n<li class=\"elementor-icon-list-item\"><span class=\"elementor-icon-list-text\">Livsmedelss\u00e4kert<\/span><\/li>\n<li class=\"elementor-icon-list-item\"><span class=\"elementor-icon-list-text\">Fuktighet Resistent<\/span><\/li>\n<li class=\"elementor-icon-list-item\"><span class=\"elementor-icon-list-text\">Maskin Resistent<\/span><\/li>\n<li class=\"elementor-icon-list-item\"><span class=\"elementor-icon-list-text\">Fr\u00e5n -40\u00b0C &#8211; +70\u00b0C<\/span><\/li>\n<li class=\"elementor-icon-list-item\"><span class=\"elementor-icon-list-text\">Akryl \/ Gummi Lim<\/span><\/li>\n<\/ul>\n\n\t\t<\/div>\n\t<\/div>\n\t\n\t<div id=\"accordion-2686736329\" class=\"accordion-item\">\n\t\t<a id=\"accordion-2686736329-label\" class=\"accordion-title plain\" href=\"#accordion-item-finish\" aria-expanded=\"false\" aria-controls=\"accordion-2686736329-content\" >\n\t\t\t<button class=\"toggle\" aria-label=\"Toggle\"><i class=\"icon-angle-down\"><\/i><\/button>\n\t\t\t<span>Finish<\/span>\n\t\t<\/a>\n\t\t<div id=\"accordion-2686736329-content\" class=\"accordion-inner\" aria-labelledby=\"accordion-2686736329-label\" >\n\t\t\t\n\n<ul class=\"elementor-icon-list-items\">\n<li class=\"elementor-icon-list-item\"><span class=\"elementor-icon-list-text\">Utan Finish<\/span><\/li>\n<li class=\"elementor-icon-list-item\"><span class=\"elementor-icon-list-text\">Glans \/ Matt Laminat<\/span><\/li>\n<li class=\"elementor-icon-list-item\"><span class=\"elementor-icon-list-text\">Glans \/ Matt Varnish<\/span><\/li>\n<li class=\"elementor-icon-list-item\"><span class=\"elementor-icon-list-text\">3D Varnish (lack)<\/span><\/li>\n<li class=\"elementor-icon-list-item\"><span class=\"elementor-icon-list-text\">3D St\u00e4mpel<\/span><\/li>\n<li class=\"elementor-icon-list-item\"><span class=\"elementor-icon-list-text\">Rundad \/ Rundade H\u00f6rn<\/span><\/li>\n<\/ul>\n\n\t\t<\/div>\n\t<\/div>\n\t\n\n<\/div>\n\n\t\t<\/div>\n\t\t\t\t\t<\/div>\n\n\t\n\n\t<div id=\"col-1292192968\" class=\"col hide-for-small medium-1 small-12 large-1\"  >\n\t\t\t\t<div class=\"col-inner\" style=\"background-color:rgb(167, 188, 181);\" >\n\t\t\t\n\t\t\t\n\n\t<div id=\"gap-1069173578\" class=\"gap-element clearfix\" style=\"display:block; height:auto;\">\n\t\t\n<style>\n#gap-1069173578 {\n  padding-top: 360px;\n}\n<\/style>\n\t<\/div>\n\t\n\n\n\t\t<\/div>\n\t\t\t\t\n<style>\n#col-1292192968 > .col-inner {\n  margin: -30px -80px -30px 80px;\n}\n<\/style>\n\t<\/div>\n\n\t\n\n\t<div id=\"col-1758036756\" class=\"col medium-6 small-12 large-5 small-col-first\"  >\n\t\t\t\t<div class=\"col-inner\"  >\n\t\t\t\n\t\t\t\n\n\n  <div class=\"banner has-hover\" id=\"banner-594364351\">\n          <div class=\"banner-inner fill\">\n        <div class=\"banner-bg fill\" >\n            <div class=\"bg fill bg-fill \"><\/div>\n                                    \n                    <\/div>\n\t\t\n        <div class=\"banner-layers container\">\n            <div class=\"fill banner-link\"><\/div>            \n\n   <div id=\"text-box-947796825\" class=\"text-box banner-layer x50 md-x50 lg-x50 y50 md-y50 lg-y50 res-text\">\n                                <div class=\"text-box-content text dark\">\n              \n              <div class=\"text-inner text-center\">\n                  \n\n\n              <\/div>\n           <\/div>\n                            \n<style>\n#text-box-947796825 {\n  width: 100%;\n}\n#text-box-947796825 .text-box-content {\n  font-size: 150%;\n}\n<\/style>\n    <\/div>\n \n\n        <\/div>\n      <\/div>\n\n            \n<style>\n#banner-594364351 {\n  padding-top: 300px;\n  background-color: rgb(247, 245, 244);\n}\n#banner-594364351 .bg.bg-loaded {\n  background-image: url(https:\/\/expotryck.se\/produkter\/wp-content\/uploads\/2024\/09\/livsmedel-etiketter.jpg);\n}\n<\/style>\n  <\/div>\n\n\n\n\t\t<\/div>\n\t\t\t\t\t<\/div>\n\n\t\n\n<\/div>\n\n\t\t<\/div>\n\n\t\t\n<style>\n#section_623819782 {\n  padding-top: 80px;\n  padding-bottom: 80px;\n}\n@media (min-width:550px) {\n  #section_623819782 {\n    padding-top: 120px;\n    padding-bottom: 120px;\n  }\n}\n<\/style>\n\t<\/section>\n\t\n\t<section class=\"section\" id=\"section_87072752\">\n\t\t<div class=\"bg section-bg fill bg-fill  bg-loaded\" >\n\n\t\t\t\n\t\t\t\n\t\t\t\n\n\t\t<\/div>\n\n\t\t\n\n\t\t<div class=\"section-content relative\">\n\t\t\t\n\n<div class=\"row row-collapse row-full-width align-middle\"  id=\"row-1721075642\">\n\n\n\t<div id=\"col-1829812642\" class=\"col medium-6 small-12 large-6\"  >\n\t\t\t\t<div class=\"col-inner\"  >\n\t\t\t\n\t\t\t\n\n<h6 class=\"uppercase primary-color\">F\u00f6rdelar<\/h6>\n<h2>Varf\u00f6r v\u00e5ra etiketter?<\/h2>\n<ul class=\"elementor-icon-list-items\">\n<li class=\"elementor-icon-list-item\"><span class=\"elementor-icon-list-text\">Milj\u00f6v\u00e4nliga material och produktionsmetoder<\/span><\/li>\n<li class=\"elementor-icon-list-item\"><i class=\"jki jki-check-double-solid\" aria-hidden=\"true\"><\/i><span class=\"elementor-icon-list-text\">\u00c5tervinningsbara och \u00e5tervunna material<\/span><\/li>\n<li class=\"elementor-icon-list-item\"><i class=\"jki jki-check-double-solid\" aria-hidden=\"true\"><\/i><span class=\"elementor-icon-list-text\">Material fr\u00e5n v\u00e4lk\u00e4nda varum\u00e4rken<\/span><\/li>\n<li class=\"elementor-icon-list-item\"><i class=\"jki jki-check-double-solid\" aria-hidden=\"true\"><\/i><span class=\"elementor-icon-list-text\">L\u00e5ng livsl\u00e4ngd och h\u00e5llbar konstruktion<\/span><\/li>\n<\/ul>\n<a href=\"#buy-now\" class=\"button primary lowercase\"  style=\"border-radius:4px;\">\n    <span>F\u00e5 en offert!<\/span>\n  <i class=\"icon-angle-down\" aria-hidden=\"true\" ><\/i><\/a>\n\n\n\n\t\t<\/div>\n\t\t\t\t\n<style>\n#col-1829812642 > .col-inner {\n  padding: 80px 10% 80px 10%;\n}\n<\/style>\n\t<\/div>\n\n\t\n\n\t<div id=\"col-906220868\" class=\"col medium-6 small-12 large-6 small-col-first\"  >\n\t\t\t\t<div class=\"col-inner\"  >\n\t\t\t\n\t\t\t\n\n\n  <div class=\"banner has-hover\" id=\"banner-1991251372\">\n          <div class=\"banner-inner fill\">\n        <div class=\"banner-bg fill\" >\n            <div class=\"bg fill bg-fill \"><\/div>\n                                    \n                    <\/div>\n\t\t\n        <div class=\"banner-layers container\">\n            <div class=\"fill banner-link\"><\/div>            \n\n\n        <\/div>\n      <\/div>\n\n            \n<style>\n#banner-1991251372 {\n  padding-top: 400px;\n  background-color: rgb(247, 245, 244);\n}\n#banner-1991251372 .bg.bg-loaded {\n  background-image: url(https:\/\/expotryck.se\/produkter\/wp-content\/uploads\/2024\/09\/etiketter-ol.jpg);\n}\n@media (min-width:550px) {\n  #banner-1991251372 {\n    padding-top: 450px;\n  }\n}\n@media (min-width:850px) {\n  #banner-1991251372 {\n    padding-top: 500px;\n  }\n}\n<\/style>\n  <\/div>\n\n\n\n\t\t<\/div>\n\t\t\t\t\t<\/div>\n\n\t\n\n<\/div>\n<div class=\"row row-collapse row-full-width align-middle\"  id=\"row-363145193\">\n\n\n\t<div id=\"col-2143494044\" class=\"col medium-6 small-12 large-6\"  >\n\t\t\t\t<div class=\"col-inner\"  >\n\t\t\t\n\t\t\t\n\n\n  <div class=\"banner has-hover\" id=\"banner-1604712804\">\n          <div class=\"banner-inner fill\">\n        <div class=\"banner-bg fill\" >\n            <div class=\"bg fill bg-fill \"><\/div>\n                                    \n                    <\/div>\n\t\t\n        <div class=\"banner-layers container\">\n            <div class=\"fill banner-link\"><\/div>            \n\n\n        <\/div>\n      <\/div>\n\n            \n<style>\n#banner-1604712804 {\n  padding-top: 400px;\n  background-color: rgb(247, 245, 244);\n}\n#banner-1604712804 .bg.bg-loaded {\n  background-image: url(https:\/\/expotryck.se\/produkter\/wp-content\/uploads\/2024\/09\/Kostmetik-etiketter.jpg);\n}\n@media (min-width:550px) {\n  #banner-1604712804 {\n    padding-top: 450px;\n  }\n}\n@media (min-width:850px) {\n  #banner-1604712804 {\n    padding-top: 500px;\n  }\n}\n<\/style>\n  <\/div>\n\n\n\n\t\t<\/div>\n\t\t\t\t\t<\/div>\n\n\t\n\n\t<div id=\"col-1705007986\" class=\"col medium-6 small-12 large-6\"  >\n\t\t\t\t<div class=\"col-inner\"  >\n\t\t\t\n\t\t\t\n\n<h6 class=\"uppercase primary-color\">Valet<\/h6>\n<h2>Varf\u00f6r ExpoTryck.se?<\/h2>\n<ul class=\"elementor-icon-list-items\">\n<li class=\"elementor-icon-list-item\"><span class=\"elementor-icon-list-text\">H\u00f6gkvalitativa produkter och utf\u00f6rande.<\/span><\/li>\n<li class=\"elementor-icon-list-item\"><i class=\"jki jki-check-double-solid\" aria-hidden=\"true\"><\/i><span class=\"elementor-icon-list-text\">\u00c5rtionden av branschkunskap och expertis.<\/span><\/li>\n<li class=\"elementor-icon-list-item\"><i class=\"jki jki-check-double-solid\" aria-hidden=\"true\"><\/i><span class=\"elementor-icon-list-text\">Skr\u00e4ddarsydda l\u00f6sningar f\u00f6r unika behov.<\/span><\/li>\n<li class=\"elementor-icon-list-item\"><i class=\"jki jki-check-double-solid\" aria-hidden=\"true\"><\/i><span class=\"elementor-icon-list-text\">Leverans i tid och \u00f6vertr\u00e4ffande av f\u00f6rv\u00e4ntningar.<\/span><\/li>\n<\/ul>\n<a href=\"#buy-now\" class=\"button primary lowercase\"  style=\"border-radius:4px;\">\n    <span>F\u00e5 en offert<\/span>\n  <i class=\"icon-angle-down\" aria-hidden=\"true\" ><\/i><\/a>\n\n\n\n\t\t<\/div>\n\t\t\t\t\n<style>\n#col-1705007986 > .col-inner {\n  padding: 80px 10% 80px 10%;\n}\n<\/style>\n\t<\/div>\n\n\t\n\n<\/div>\n\n\t\t<\/div>\n\n\t\t\n<style>\n#section_87072752 {\n  padding-top: 0px;\n  padding-bottom: 0px;\n  background-color: rgb(247, 245, 244);\n}\n<\/style>\n\t<\/section>\n\t\n\t<section class=\"section dark has-mask mask-arrow\" id=\"section_1395428498\">\n\t\t<div class=\"bg section-bg fill bg-fill  bg-loaded\" >\n\n\t\t\t\n\t\t\t\n\t\t\t\n\n\t\t<\/div>\n\n\t\t\n\n\t\t<div class=\"section-content relative\">\n\t\t\t\n\n<span class=\"scroll-to\" data-label=\"Scroll to: #buy-now\" data-bullet=\"false\" data-link=\"#buy-now\" data-title=\"buy-now\" ><a name=\"buy-now\"><\/a><\/span>\n\n\t<div id=\"gap-244579474\" class=\"gap-element clearfix\" style=\"display:block; height:auto;\">\n\t\t\n<style>\n#gap-244579474 {\n  padding-top: 30px;\n}\n<\/style>\n\t<\/div>\n\t\n\n\n\n<iframe aria-label='F\u00f6rfr\u00e5gan - Etiketter' frameborder=\"0\" style=\"height:650px;width:99%;border:none;\" src='https:\/\/forms.foxliecorp.se\/foxliecorp\/form\/FrfrganEtiketter\/formperma\/0vjy3amGjLQ5q0YCcZlsGv1DeahoAX2_8d9draMlug0'><\/iframe>\n\n\t<div id=\"gap-205554449\" class=\"gap-element clearfix\" style=\"display:block; height:auto;\">\n\t\t\n<style>\n#gap-205554449 {\n  padding-top: 30px;\n}\n<\/style>\n\t<\/div>\n\t\n\n<p>Designa anpassade etiketter med tryck f\u00f6r att g\u00f6ra din produkt st\u00e5 ut. Med ett unikt och attraktivt utseende kan dina etiketter f\u00e5ngar \u00f6gonblickligen kundernas uppm\u00e4rksamhet och skapa ett starkt f\u00f6rsta intryck. Genom att anv\u00e4nda skr\u00e4ddarsydda etiketter kan du anpassa dem f\u00f6r att passa din produkt, varum\u00e4rkesidentitet och m\u00e5lgruppens preferenser.<\/p>\n<p>Med tryck kan du uttrycka din kreativitet och f\u00f6rmedla viktiga budskap p\u00e5 etiketterna. V\u00e4lj r\u00e4tt typsnitt, f\u00e4rger och grafik f\u00f6r att skapa visuellt tilltalande och informativa etiketter som speglar din produkt och varum\u00e4rke p\u00e5 b\u00e4sta m\u00f6jliga s\u00e4tt. Den r\u00e4tta etiketten kan ge ett professionellt och p\u00e5litligt intryck, vilket kan \u00f6ka f\u00f6rtroendet f\u00f6r din produkt och uppmuntra till k\u00f6p.<\/p>\n<p>Oavsett om du s\u00e4ljer livsmedel, kosmetika, kl\u00e4der eller n\u00e5got annat, kan anpassade etiketter ge din produkt den extra touch som den beh\u00f6ver f\u00f6r att st\u00e5 ut p\u00e5 marknaden. Genom att v\u00e4lja h\u00f6gkvalitativa material och trycktekniker kan du ocks\u00e5 s\u00e4kerst\u00e4lla att dina etiketter \u00e4r h\u00e5llbara och f\u00f6ljer relevanta regler och best\u00e4mmelser.<\/p>\n<p>Investera i designade etiketter med tryck idag och skapa en varaktig inverkan p\u00e5 dina kunder.<\/p>\n\n\t\t<\/div>\n\n\t\t\n<style>\n#section_1395428498 {\n  padding-top: 120px;\n  padding-bottom: 120px;\n  background-color: rgb(45, 78, 103);\n}\n<\/style>\n\t<\/section>\n\t\n\n","protected":false},"excerpt":{"rendered":"","protected":false},"author":2,"featured_media":19771,"parent":0,"menu_order":0,"comment_status":"closed","ping_status":"closed","template":"","meta":{"footnotes":""},"_links":{"self":[{"href":"https:\/\/expotryck.se\/produkter\/wp-json\/wp\/v2\/pages\/21962"}],"collection":[{"href":"https:\/\/expotryck.se\/produkter\/wp-json\/wp\/v2\/pages"}],"about":[{"href":"https:\/\/expotryck.se\/produkter\/wp-json\/wp\/v2\/types\/page"}],"author":[{"embeddable":true,"href":"https:\/\/expotryck.se\/produkter\/wp-json\/wp\/v2\/users\/2"}],"replies":[{"embeddable":true,"href":"https:\/\/expotryck.se\/produkter\/wp-json\/wp\/v2\/comments?post=21962"}],"version-history":[{"count":8,"href":"https:\/\/expotryck.se\/produkter\/wp-json\/wp\/v2\/pages\/21962\/revisions"}],"predecessor-version":[{"id":21977,"href":"https:\/\/expotryck.se\/produkter\/wp-json\/wp\/v2\/pages\/21962\/revisions\/21977"}],"wp:featuredmedia":[{"embeddable":true,"href":"https:\/\/expotryck.se\/produkter\/wp-json\/wp\/v2\/media\/19771"}],"wp:attachment":[{"href":"https:\/\/expotryck.se\/produkter\/wp-json\/wp\/v2\/media?parent=21962"}],"curies":[{"name":"wp","href":"https:\/\/api.w.org\/{rel}","templated":true}]}}