{"id":2505,"date":"2016-03-09T05:58:27","date_gmt":"2016-03-09T05:58:27","guid":{"rendered":"https:\/\/demo2.chethemes.com\/electro\/?page_id=2505"},"modified":"2023-10-03T19:51:49","modified_gmt":"2023-10-03T19:51:49","slug":"vanliga-fragor","status":"publish","type":"page","link":"https:\/\/expotryck.se\/produkter\/vanliga-fragor\/","title":{"rendered":"Vanliga Fr\u00e5gor"},"content":{"rendered":"\t<section class=\"section\" id=\"section_1447457133\">\n\t\t<div class=\"bg section-bg fill bg-fill  bg-loaded\" >\n\n\t\t\t\n\t\t\t\n\t\t\t\n\n\t\t<\/div>\n\n\t\t\n\n\t\t<div class=\"section-content relative\">\n\t\t\t\n<div class=\"row align-center\"  id=\"row-1722100534\">\n\n\t<div id=\"col-733836760\" class=\"col medium-10 small-12 large-8\"  >\n\t\t\t\t<div class=\"col-inner text-center\"  >\n\t\t\t\n\t\t\t\n<h1>Vanliga Fr\u00e5gor<\/h1>\n<p>Kundservice f\u00e5r ofta intressanta fr\u00e5gor fr\u00e5n olika kunder, vi har samlat de vanligaste nedan.<\/p>\n\t\t<\/div>\n\t\t\t\t\n<style>\n#col-733836760 > .col-inner {\n  margin: 0px 0px -40px 0px;\n}\n<\/style>\n\t<\/div>\n\n\t\n<\/div>\n<div class=\"row align-center\"  id=\"row-1656202990\">\n\n\t<div id=\"col-2012752654\" class=\"col medium-12 small-12 large-10\"  >\n\t\t\t\t<div class=\"col-inner text-left\"  >\n\t\t\t\n\t\t\t\n<div class=\"is-divider divider clearfix\" style=\"margin-top:3em;margin-bottom:3em;max-width:100%;background-color:rgb(9, 14, 29);\"><\/div>\n<div class=\"row row-collapse\"  id=\"row-1558352388\">\n\n\t<div id=\"col-1722619623\" class=\"col medium-12 small-12 large-4\"  >\n\t\t\t\t<div class=\"col-inner\"  >\n\t\t\t\n\t\t\t\n\n\t\t<div class=\"icon-box featured-box icon-box-left text-left\"  style=\"margin:0px 0px 30px 0px;\">\n\t\t\t\t<div class=\"icon-box-text last-reset\">\n\t\t\t\t\t\t\t\t\t\n<h3>De vanligaste fr\u00e5gorna<\/h3>\n\t\t<\/div>\n\t<\/div>\n\t\n\t\n\t\t<\/div>\n\t\t\t\t\t<\/div>\n\n\t\n\n\t<div id=\"col-385398799\" class=\"col medium-12 small-12 large-8\"  >\n\t\t\t\t<div class=\"col-inner text-left\"  >\n\t\t\t\n\t\t\t\n<div class=\"accordion\">\n\t<div id=\"accordion-3606525052\" class=\"accordion-item\">\n\t\t<a id=\"accordion-3606525052-label\" class=\"accordion-title plain\" href=\"#accordion-item-hur-vet-jag-vilken-produkt-det-\u00e4r-jag-s\u00f6ker?\" aria-expanded=\"false\" aria-controls=\"accordion-3606525052-content\" >\n\t\t\t<button class=\"toggle\" aria-label=\"Toggle\"><i class=\"icon-angle-down\"><\/i><\/button>\n\t\t\t<span>Hur vet jag vilken produkt det \u00e4r jag s\u00f6ker?<\/span>\n\t\t<\/a>\n\t\t<div id=\"accordion-3606525052-content\" class=\"accordion-inner\" aria-labelledby=\"accordion-3606525052-label\" >\n\t\t\t\n<p>Vi kan hj\u00e4lpa er igenom hela k\u00f6pprocessen. Ibland kan det visa sig att en annan produkt \u00e4r mer optimal f\u00f6r ert \u00e4ndam\u00e5l \u00e4n den ni har tittat p\u00e5, ta kontakt med <a href=\"https:\/\/expotryck.se\/produkter\/kundservice\/\">Kundservice<\/a> s\u00e5 hj\u00e4lper dem er.<\/p>\n\t\t<\/div>\n\t<\/div>\n\t\n\t<div id=\"accordion-3897476291\" class=\"accordion-item\">\n\t\t<a id=\"accordion-3897476291-label\" class=\"accordion-title plain\" href=\"#accordion-item-produkten-jag-s\u00f6ker-finns-inte-p\u00e5-er-hemsida?\" aria-expanded=\"false\" aria-controls=\"accordion-3897476291-content\" >\n\t\t\t<button class=\"toggle\" aria-label=\"Toggle\"><i class=\"icon-angle-down\"><\/i><\/button>\n\t\t\t<span>Produkten jag s\u00f6ker finns inte p\u00e5 er hemsida?<\/span>\n\t\t<\/a>\n\t\t<div id=\"accordion-3897476291-content\" class=\"accordion-inner\" aria-labelledby=\"accordion-3897476291-label\" >\n\t\t\t\n<p>Tryckprodukter kan tas fram och g\u00f6ras om i o\u00e4ndliga former, det \u00e4r n\u00e4ra inp\u00e5 om\u00f6jligt att kunna erbjuda alla produkter i en webbutik, skulle ni sakna en produkt i webbutiken s\u00e5 kan ni kontakta <a href=\"https:\/\/expotryck.se\/produkter\/kundservice\/\">Kundservice<\/a> och f\u00e5 en offert.<\/p>\n\t\t<\/div>\n\t<\/div>\n\t\n\t<div id=\"accordion-3556017803\" class=\"accordion-item\">\n\t\t<a id=\"accordion-3556017803-label\" class=\"accordion-title plain\" href=\"#accordion-item-hur-vet-jag-om-min-design\/original-\u00e4r-tillr\u00e4ckligt-bra?\" aria-expanded=\"false\" aria-controls=\"accordion-3556017803-content\" >\n\t\t\t<button class=\"toggle\" aria-label=\"Toggle\"><i class=\"icon-angle-down\"><\/i><\/button>\n\t\t\t<span>Hur vet jag om min design\/original \u00e4r tillr\u00e4ckligt bra?<\/span>\n\t\t<\/a>\n\t\t<div id=\"accordion-3556017803-content\" class=\"accordion-inner\" aria-labelledby=\"accordion-3556017803-label\" >\n\t\t\t\n<p>Vi erbjuder <b>Kostnadsfri Datacheck<\/b> p\u00e5 samtliga best\u00e4llningar, om vi skulle uppm\u00e4rksamma n\u00e5got i originalet, h\u00f6r vi av oss. Observera att ex. stavningskontroll \u00e4r ert ansvar och kommer ej kontrolleras.<\/p>\n\t\t<\/div>\n\t<\/div>\n\t\n\t<div id=\"accordion-2464488663\" class=\"accordion-item\">\n\t\t<a id=\"accordion-2464488663-label\" class=\"accordion-title plain\" href=\"#accordion-item-var-skickar-jag-min-design\/original?\" aria-expanded=\"false\" aria-controls=\"accordion-2464488663-content\" >\n\t\t\t<button class=\"toggle\" aria-label=\"Toggle\"><i class=\"icon-angle-down\"><\/i><\/button>\n\t\t\t<span>Var skickar jag min design\/original?<\/span>\n\t\t<\/a>\n\t\t<div id=\"accordion-2464488663-content\" class=\"accordion-inner\" aria-labelledby=\"accordion-2464488663-label\" >\n\t\t\t\n<p>Efter att du har lagt din order s\u00e5 f\u00e5r du en orderbekr\u00e4ftelse, i den orderbekr\u00e4ftelsen s\u00e5 ber vi dig att klicka p\u00e5 knappen \u201cLadda Upp Original\u201d som tar dig tillbaka till v\u00e5r sida d\u00e4r du f\u00e5r instruktioner om hur det g\u00e5r till.<\/p>\n\t\t<\/div>\n\t<\/div>\n\t\n\t<div id=\"accordion-3095746061\" class=\"accordion-item\">\n\t\t<a id=\"accordion-3095746061-label\" class=\"accordion-title plain\" href=\"#accordion-item-jag-har-inget-original,-hur-g\u00f6r-jag?\" aria-expanded=\"false\" aria-controls=\"accordion-3095746061-content\" >\n\t\t\t<button class=\"toggle\" aria-label=\"Toggle\"><i class=\"icon-angle-down\"><\/i><\/button>\n\t\t\t<span>Jag har inget original, hur g\u00f6r jag?<\/span>\n\t\t<\/a>\n\t\t<div id=\"accordion-3095746061-content\" class=\"accordion-inner\" aria-labelledby=\"accordion-3095746061-label\" >\n\t\t\t\n<p>P\u00e5 efterfr\u00e5gan kan v\u00e5ra designers hj\u00e4lper er ta fram din design efter era \u00f6nskem\u00e5l. <a href=\"https:\/\/expotryck.se\/produkter\/kundservice\/\">Kontakta oss<\/a> f\u00f6r att ta del av de olika niv\u00e5erna som finns tillg\u00e4ngliga, d\u00e5 vi har fasta kostnader s\u00e5 vet ni som kund alltid vad slutpriset hamnar p\u00e5.<\/p>\n\t\t<\/div>\n\t<\/div>\n\t\n<\/div>\n\t\t<\/div>\n\t\t\t\t\t<\/div>\n\n\t\n<\/div>\n<div class=\"is-divider divider clearfix\" style=\"margin-top:3em;margin-bottom:3em;max-width:100%;background-color:rgb(9, 14, 29);\"><\/div>\n<div class=\"row row-collapse\"  id=\"row-310132885\">\n\n\t<div id=\"col-974903008\" class=\"col medium-12 small-12 large-4\"  >\n\t\t\t\t<div class=\"col-inner\"  >\n\t\t\t\n\t\t\t\n\n\t\t<div class=\"icon-box featured-box icon-box-left text-left\"  style=\"margin:0px 0px 30px 0px;\">\n\t\t\t\t\t<div class=\"icon-box-img\" style=\"width: 60px\">\n\t\t\t\t<div class=\"icon\">\n\t\t\t\t\t<div class=\"icon-inner\" >\n\t\t\t\t\t\t<img decoding=\"async\" width=\"256\" height=\"256\" src=\"https:\/\/expotryck.se\/produkter\/wp-content\/uploads\/2022\/10\/shipping-icon-flatelements.png\" class=\"attachment-medium size-medium\" alt=\"\" srcset=\"https:\/\/expotryck.se\/produkter\/wp-content\/uploads\/2022\/10\/shipping-icon-flatelements.png 256w, https:\/\/expotryck.se\/produkter\/wp-content\/uploads\/2022\/10\/shipping-icon-flatelements-100x100.png 100w\" sizes=\"(max-width: 256px) 100vw, 256px\" title=\"\">\t\t\t\t\t<\/div>\n\t\t\t\t<\/div>\n\t\t\t<\/div>\n\t\t\t\t<div class=\"icon-box-text last-reset\">\n\t\t\t\t\t\t\t\t\t\n<h3>Frakt<\/h3>\n\t\t<\/div>\n\t<\/div>\n\t\n\t\n\t\t<\/div>\n\t\t\t\t\t<\/div>\n\n\t\n\n\t<div id=\"col-1036867611\" class=\"col medium-12 small-12 large-8\"  >\n\t\t\t\t<div class=\"col-inner text-left\"  >\n\t\t\t\n\t\t\t\n<div class=\"accordion\">\n\t<div id=\"accordion-3170838691\" class=\"accordion-item\">\n\t\t<a id=\"accordion-3170838691-label\" class=\"accordion-title plain\" href=\"#accordion-item-vad-har-ni-f\u00f6r-leveranstider?\" aria-expanded=\"false\" aria-controls=\"accordion-3170838691-content\" >\n\t\t\t<button class=\"toggle\" aria-label=\"Toggle\"><i class=\"icon-angle-down\"><\/i><\/button>\n\t\t\t<span>Vad har ni f\u00f6r leveranstider?<\/span>\n\t\t<\/a>\n\t\t<div id=\"accordion-3170838691-content\" class=\"accordion-inner\" aria-labelledby=\"accordion-3170838691-label\" >\n\t\t\t\n<p>Vi erbjuder standardleverans, leverans inom 12 arbetsdagar efter att original\/korrektur \u00e4r godk\u00e4nt. Beroende p\u00e5 vad det \u00e4r f\u00f6r produkt s\u00e5 skiljer sig produktionstiden mellan 2-14 arbetsdagar. Om ni s\u00f6ker express leverans, kontakta <a href=\"https:\/\/expotryck.se\/produkter\/kundservice\/\">Kundservice<\/a>.<\/p>\n<p><b>Observera<\/b> att godk\u00e4nda best\u00e4llningar som kommer in innan kl 12:00* p\u00e5b\u00f6rjas kl 08:00 dagen efter.<\/p>\n<p>Granskning av filer sker oftast efter kl 13:00.<br \/>*F\u00f6rutsatt att originalet \u00e4r okej &amp; korrekturet \u00e4r godk\u00e4nt.<\/p>\n\t\t<\/div>\n\t<\/div>\n\t\n\t<div id=\"accordion-2962202513\" class=\"accordion-item\">\n\t\t<a id=\"accordion-2962202513-label\" class=\"accordion-title plain\" href=\"#accordion-item-leveranstiden-p\u00e5-produkten-s\u00e4ger-3-4-arbetsdagar,-st\u00e4mmer-det?\" aria-expanded=\"false\" aria-controls=\"accordion-2962202513-content\" >\n\t\t\t<button class=\"toggle\" aria-label=\"Toggle\"><i class=\"icon-angle-down\"><\/i><\/button>\n\t\t\t<span>Leveranstiden p\u00e5 produkten s\u00e4ger 3-4 arbetsdagar, st\u00e4mmer det?<\/span>\n\t\t<\/a>\n\t\t<div id=\"accordion-2962202513-content\" class=\"accordion-inner\" aria-labelledby=\"accordion-2962202513-label\" >\n\t\t\t\n<p>Man f\u00e5r r\u00e4kna ihop produktionstid + leveranstid(transporttid) f\u00f6r att f\u00e5 fram den totala ledtiden fr\u00e5n best\u00e4llning till leverans.<\/p>\n\t\t<\/div>\n\t<\/div>\n\t\n\t<div id=\"accordion-1549586489\" class=\"accordion-item\">\n\t\t<a id=\"accordion-1549586489-label\" class=\"accordion-title plain\" href=\"#accordion-item-jag-har-ett-akutprojekt,-vad-g\u00f6r-jag?\" aria-expanded=\"false\" aria-controls=\"accordion-1549586489-content\" >\n\t\t\t<button class=\"toggle\" aria-label=\"Toggle\"><i class=\"icon-angle-down\"><\/i><\/button>\n\t\t\t<span>Jag har ett akutprojekt, vad g\u00f6r jag?<\/span>\n\t\t<\/a>\n\t\t<div id=\"accordion-1549586489-content\" class=\"accordion-inner\" aria-labelledby=\"accordion-1549586489-label\" >\n\t\t\t\n<p><a href=\"https:\/\/expotryck.se\/produkter\/kundservice\/\">Kontakta Kundservice<\/a> f\u00f6r att s\u00e4kerst\u00e4lla att produkter kan levereras i tid d\u00e5 alla produkter har olika leveranstid. Express p\u00e5 produktion &amp; frakt \u00e4r ocks\u00e5 ett alternativ(erbjudes endast via offert i dagsl\u00e4get).<\/p>\n\t\t<\/div>\n\t<\/div>\n\t\n<\/div>\n\t\t<\/div>\n\t\t\t\t\t<\/div>\n\n\t\n<\/div>\n<div class=\"is-divider divider clearfix\" style=\"margin-top:3em;margin-bottom:3em;max-width:100%;background-color:rgb(9, 14, 29);\"><\/div>\n<div class=\"row row-collapse\"  id=\"row-2131886640\">\n\n\t<div id=\"col-158269512\" class=\"col medium-12 small-12 large-4\"  >\n\t\t\t\t<div class=\"col-inner\"  >\n\t\t\t\n\t\t\t\n\n\t\t<div class=\"icon-box featured-box icon-box-left text-left\"  style=\"margin:0px 0px 30px 0px;\">\n\t\t\t\t\t<div class=\"icon-box-img\" style=\"width: 60px\">\n\t\t\t\t<div class=\"icon\">\n\t\t\t\t\t<div class=\"icon-inner\" >\n\t\t\t\t\t\t<img decoding=\"async\" width=\"256\" height=\"256\" src=\"https:\/\/expotryck.se\/produkter\/wp-content\/uploads\/2022\/10\/payment-icon-flatelements.png\" class=\"attachment-medium size-medium\" alt=\"\" srcset=\"https:\/\/expotryck.se\/produkter\/wp-content\/uploads\/2022\/10\/payment-icon-flatelements.png 256w, https:\/\/expotryck.se\/produkter\/wp-content\/uploads\/2022\/10\/payment-icon-flatelements-100x100.png 100w\" sizes=\"(max-width: 256px) 100vw, 256px\" title=\"\">\t\t\t\t\t<\/div>\n\t\t\t\t<\/div>\n\t\t\t<\/div>\n\t\t\t\t<div class=\"icon-box-text last-reset\">\n\t\t\t\t\t\t\t\t\t\n<h3>Order<\/h3>\n\t\t<\/div>\n\t<\/div>\n\t\n\t\n\t\t<\/div>\n\t\t\t\t\t<\/div>\n\n\t\n\n\t<div id=\"col-255070578\" class=\"col medium-12 small-12 large-8\"  >\n\t\t\t\t<div class=\"col-inner text-left\"  >\n\t\t\t\n\t\t\t\n<div class=\"accordion\">\n\t<div id=\"accordion-3785372004\" class=\"accordion-item\">\n\t\t<a id=\"accordion-3785372004-label\" class=\"accordion-title plain\" href=\"#accordion-item-erbjuder-ni-reducerat-pris-om-man-handlar-fler-av-en-sorts-produkt?\" aria-expanded=\"false\" aria-controls=\"accordion-3785372004-content\" >\n\t\t\t<button class=\"toggle\" aria-label=\"Toggle\"><i class=\"icon-angle-down\"><\/i><\/button>\n\t\t\t<span>Erbjuder ni reducerat pris om man handlar fler av en sorts produkt?<\/span>\n\t\t<\/a>\n\t\t<div id=\"accordion-3785372004-content\" class=\"accordion-inner\" aria-labelledby=\"accordion-3785372004-label\" >\n\t\t\t\n<p>I v\u00e5r webshop hittar ni en pris-tariff, med en rabatt stege fr\u00e5n 5+ produkter.<\/p>\n<p><a href=\"https:\/\/expotryck.se\/produkter\/kundservice\/\">Kontakta Kundservice<\/a> g\u00e4llande artiklar som \u00f6verskrider 10 st av samma sort, s\u00e5 hj\u00e4lper dem er att f\u00e5 en offert. Den funktionen finns ej i webbutiken och skall nyttjas innan best\u00e4llning.<\/p>\n\t\t<\/div>\n\t<\/div>\n\t\n\t<div id=\"accordion-1918796310\" class=\"accordion-item\">\n\t\t<a id=\"accordion-1918796310-label\" class=\"accordion-title plain\" href=\"#accordion-item-kan-man-bli-\u00e5terf\u00f6rs\u00e4ljare-hos-er?\" aria-expanded=\"false\" aria-controls=\"accordion-1918796310-content\" >\n\t\t\t<button class=\"toggle\" aria-label=\"Toggle\"><i class=\"icon-angle-down\"><\/i><\/button>\n\t\t\t<span>Kan man bli \u00e5terf\u00f6rs\u00e4ljare hos er?<\/span>\n\t\t<\/a>\n\t\t<div id=\"accordion-1918796310-content\" class=\"accordion-inner\" aria-labelledby=\"accordion-1918796310-label\" >\n\t\t\t\n<p>Ja, kontakta <a href=\"https:\/\/expotryck.se\/produkter\/kundservice\/\">kundservice<\/a> s\u00e5 l\u00e4gger de upp dig som \u00c5F i v\u00e5rt system [sj\u00e4lvklart efter en kontroll], s\u00e5 f\u00e5r du en offert p\u00e5 de produkter du s\u00f6ker.<\/p>\n\t\t<\/div>\n\t<\/div>\n\t\n\t<div id=\"accordion-924613565\" class=\"accordion-item\">\n\t\t<a id=\"accordion-924613565-label\" class=\"accordion-title plain\" href=\"#accordion-item-vart-v\u00e4nder-jag-mig-vid-betalnings-fr\u00e5gor?\" aria-expanded=\"false\" aria-controls=\"accordion-924613565-content\" >\n\t\t\t<button class=\"toggle\" aria-label=\"Toggle\"><i class=\"icon-angle-down\"><\/i><\/button>\n\t\t\t<span>Vart v\u00e4nder jag mig vid betalnings fr\u00e5gor?<\/span>\n\t\t<\/a>\n\t\t<div id=\"accordion-924613565-content\" class=\"accordion-inner\" aria-labelledby=\"accordion-924613565-label\" >\n\t\t\t\n<p>V\u00e4nligen kontakta <a href=\"https:\/\/expotryck.se\/produkter\/kundservice\/\">Kundservice<\/a> g\u00e4llande samtliga fr\u00e5gor som ber\u00f6r betalning. De olika betalningsalternativ vi erbjuder finner du under \u201cBetalningsalternativ\u201c<\/p>\n\t\t<\/div>\n\t<\/div>\n\t\n\t<div id=\"accordion-2969277628\" class=\"accordion-item\">\n\t\t<a id=\"accordion-2969277628-label\" class=\"accordion-title plain\" href=\"#accordion-item-erbjuder-ni-prover-p\u00e5-material-innan-best\u00e4llning?\" aria-expanded=\"false\" aria-controls=\"accordion-2969277628-content\" >\n\t\t\t<button class=\"toggle\" aria-label=\"Toggle\"><i class=\"icon-angle-down\"><\/i><\/button>\n\t\t\t<span>Erbjuder ni prover p\u00e5 material innan best\u00e4llning?<\/span>\n\t\t<\/a>\n\t\t<div id=\"accordion-2969277628-content\" class=\"accordion-inner\" aria-labelledby=\"accordion-2969277628-label\" >\n\t\t\t\n<p>Sj\u00e4lvklart! Dock s\u00e5 l\u00e4ggs det som en sj\u00e4lvkostnad och priset kan variera.<br \/>Vid en offert p\u00e5 \u00f6ver 50st artiklar, kan en prov-l\u00e5da skickas och faktureras endast ifall order ej blir av.<\/p>\n\t\t<\/div>\n\t<\/div>\n\t\n<\/div>\n\t\t<\/div>\n\t\t\t\t\t<\/div>\n\n\t\n<\/div>\n<div class=\"is-divider divider clearfix\" style=\"margin-top:3em;margin-bottom:3em;max-width:100%;background-color:rgb(9, 14, 29);\"><\/div>\n\t<div id=\"gap-1172608513\" class=\"gap-element clearfix\" style=\"display:block; height:auto;\">\n\t\t\n<style>\n#gap-1172608513 {\n  padding-top: 60px;\n}\n<\/style>\n\t<\/div>\n\t\n<div class=\"row align-center\"  id=\"row-1490925461\">\n\n\t<div id=\"col-2112171293\" class=\"col small-12 large-12\"  >\n\t\t\t\t<div class=\"col-inner text-center\" style=\"background-color:rgb(244, 244, 244);\" >\n\t\t\t\n\t\t\t\n<h3>Har du fler fr\u00e5gor?<\/h3>\n<p>V\u00e4nligen kontakta v\u00e5r kundservice!<\/p>\n<a href=\"https:\/\/expotryck.se\/produkter\/kundservice\/\" class=\"button primary\"  >\n    <span>Kundservice<\/span>\n  <\/a>\n\n\t\t<\/div>\n\t\t\t\t\t<\/div>\n\n\t\n\n<style>\n#row-1490925461 > .col > .col-inner {\n  padding: 40px 20px 40px 20px;\n  background-color: rgb(244, 244, 244);\n}\n@media (min-width:550px) {\n  #row-1490925461 > .col > .col-inner {\n    padding: 40px 40px 40px 40px;\n  }\n}\n<\/style>\n<\/div>\n\t\t<\/div>\n\t\t\t\t\t<\/div>\n\n\t\n<\/div>\n\t\t<\/div>\n\n\t\t\n<style>\n#section_1447457133 {\n  padding-top: 60px;\n  padding-bottom: 60px;\n}\n<\/style>\n\t<\/section>\n\t\n","protected":false},"excerpt":{"rendered":"","protected":false},"author":1,"featured_media":0,"parent":0,"menu_order":34,"comment_status":"closed","ping_status":"closed","template":"","meta":{"footnotes":""},"_links":{"self":[{"href":"https:\/\/expotryck.se\/produkter\/wp-json\/wp\/v2\/pages\/2505"}],"collection":[{"href":"https:\/\/expotryck.se\/produkter\/wp-json\/wp\/v2\/pages"}],"about":[{"href":"https:\/\/expotryck.se\/produkter\/wp-json\/wp\/v2\/types\/page"}],"author":[{"embeddable":true,"href":"https:\/\/expotryck.se\/produkter\/wp-json\/wp\/v2\/users\/1"}],"replies":[{"embeddable":true,"href":"https:\/\/expotryck.se\/produkter\/wp-json\/wp\/v2\/comments?post=2505"}],"version-history":[{"count":0,"href":"https:\/\/expotryck.se\/produkter\/wp-json\/wp\/v2\/pages\/2505\/revisions"}],"wp:attachment":[{"href":"https:\/\/expotryck.se\/produkter\/wp-json\/wp\/v2\/media?parent=2505"}],"curies":[{"name":"wp","href":"https:\/\/api.w.org\/{rel}","templated":true}]}}