{"id":5336,"date":"2019-01-10T10:18:49","date_gmt":"2019-01-10T10:18:49","guid":{"rendered":"https:\/\/expotryck.se\/produkter\/?page_id=5336"},"modified":"2023-10-03T19:51:47","modified_gmt":"2023-10-03T19:51:47","slug":"tryckteknik","status":"publish","type":"page","link":"https:\/\/expotryck.se\/produkter\/tryckteknik\/","title":{"rendered":"Tryckteknik"},"content":{"rendered":"<h1 style=\"text-align: center;\">Tryckteknik<\/h1>\n<p>\u00a0<\/p>\n<p>Vid tryck p\u00e5 de olika produkterna s\u00e5 anv\u00e4nds olika metoder f\u00f6r att f\u00e5 motivet\/f\u00e4rgen att f\u00e4sta r\u00e4tt p\u00e5 materialet.<br \/>Vad metod anv\u00e4nds f\u00f6r olika \u00e4ndam\u00e5l som utomhus, inomhus, tyger eller fasta produkter.<br \/>Nedan kan ni l\u00e4sa lite kort om de olika och vanligaste metoderna.<\/p>\n<p><strong>Sublimering<\/strong><br \/>Sublimering\u00a0\u00e4r n\u00e4r ett tillst\u00e5nd \u00e4ndras fr\u00e5n fast till gas utan att bli flytande. Vid sublimeringstryck \u00e4ndras de fasta f\u00e4rgpartiklarna till gasform genom v\u00e4rme och\u00a0tryck\u00a0f\u00f6r att sedan f\u00f6renas med n\u00e5gon polymer \u00e5ter till fast form.<\/p>\n<p><strong>Latex<\/strong><br \/>Utskrifterna fr\u00e5n en latexskrivare kommer ut helt torra och luktfria, redo att efterbehandlas och sedan levereras. Metoden anv\u00e4nds ofta till produkter s\u00e5 som banderoller, affischer och rollups.<\/p>\n<p><strong>UV<\/strong><br \/>UV \u00e4r en tryckmetod d\u00e4r man anv\u00e4nder f\u00e4rger som h\u00e4rdas med UV-ljus, det ger en h\u00f6gre glans \u00e4n vid vanligt tryck. En F\u00f6rdel med metoden \u00e4r att tryckarket \u00e4r torrt och redo f\u00f6r efterbehandling och sedan leverans.<\/p>\n<p><strong>Screentryck<\/strong><br \/>Screentryck anv\u00e4nds f\u00f6r tryck p\u00e5 bla. plast, metall och glas. Man trycker f\u00e4rgen med hj\u00e4lp av schabloner och en speciellt utformad mall, som man pressar f\u00e4rgen igenom. Screentryck har en l\u00e5ng h\u00e5llbarhet och kostnadseffektivt i st\u00f6rre volymer.<\/p>\n<p><strong>Digital<\/strong><br \/>Digitaltryck d\u00e4r motivet \u00f6verf\u00f6rs direkt fr\u00e5n dator till material. F\u00f6rdelen \u00e4r att inga tryckmallar beh\u00f6ver g\u00f6ras eller anv\u00e4ndas och att f\u00f6r\u00e4ndringar kan g\u00f6ras sent i produktionen. Vid digitaltryck s\u00e5 \u00e4r upplagan \u00e4r torr och klar f\u00f6r efterbearbetning eller leverans.<\/p>\n<p><strong>Solvent<\/strong><br \/>Denna term anv\u00e4nds f\u00f6r att beskriva bl\u00e4ck som inte \u00e4r vattenbaserat. Bl\u00e4ckstr\u00e5leskrivare vars bl\u00e4ck anv\u00e4nder petroleum eller en oljebiprodukt, s\u00e5som en acetonliknande b\u00e4rv\u00e4tska. \u201cEco-Solvent\u201d -f\u00e4rg inneh\u00e5ller vanligtvis glykolestrar eller glykoleterestrar och \u00e4r en l\u00e4ngre torktid p\u00e5. Solvent resulterar i att utskrifterna \u00e4r vattent\u00e4ta. Obs: Om man behandlar solventtrycket of\u00f6rsiktigt kan det repas.<\/p>\n","protected":false},"excerpt":{"rendered":"<p>Tryckteknik \u00a0 Vid tryck p\u00e5 de olika produkterna s\u00e5 anv\u00e4nds olika metoder f\u00f6r att f\u00e5 motivet\/f\u00e4rgen att f\u00e4sta r\u00e4tt p\u00e5 materialet.Vad metod anv\u00e4nds f\u00f6r olika \u00e4ndam\u00e5l som utomhus, inomhus, tyger eller fasta produkter.Nedan kan ni l\u00e4sa lite kort om de olika och vanligaste metoderna. SublimeringSublimering\u00a0\u00e4r n\u00e4r ett tillst\u00e5nd \u00e4ndras fr\u00e5n fast till gas utan att&#8230;<\/p>\n","protected":false},"author":1,"featured_media":0,"parent":0,"menu_order":11,"comment_status":"closed","ping_status":"closed","template":"","meta":{"footnotes":""},"_links":{"self":[{"href":"https:\/\/expotryck.se\/produkter\/wp-json\/wp\/v2\/pages\/5336"}],"collection":[{"href":"https:\/\/expotryck.se\/produkter\/wp-json\/wp\/v2\/pages"}],"about":[{"href":"https:\/\/expotryck.se\/produkter\/wp-json\/wp\/v2\/types\/page"}],"author":[{"embeddable":true,"href":"https:\/\/expotryck.se\/produkter\/wp-json\/wp\/v2\/users\/1"}],"replies":[{"embeddable":true,"href":"https:\/\/expotryck.se\/produkter\/wp-json\/wp\/v2\/comments?post=5336"}],"version-history":[{"count":0,"href":"https:\/\/expotryck.se\/produkter\/wp-json\/wp\/v2\/pages\/5336\/revisions"}],"wp:attachment":[{"href":"https:\/\/expotryck.se\/produkter\/wp-json\/wp\/v2\/media?parent=5336"}],"curies":[{"name":"wp","href":"https:\/\/api.w.org\/{rel}","templated":true}]}}